{"id":1366,"date":"2025-05-11T12:24:36","date_gmt":"2025-05-11T08:24:36","guid":{"rendered":"https:\/\/luxevision.ae\/?post_type=product&#038;p=1366"},"modified":"2026-03-16T01:16:07","modified_gmt":"2026-03-16T08:16:07","slug":"proyector-laser-triple-awol-vision-ltv-2500-4k-3d","status":"publish","type":"product","link":"https:\/\/luxevision.com\/es\/tienda\/proyector-laser-triple-awol-vision-ltv-2500-4k-3d\/","title":{"rendered":"Proyector l\u00e1ser triple AWOL Vision LTV-2500 4K 3D"},"content":{"rendered":"<div data-elementor-type=\"product-post\" data-elementor-id=\"1366\" class=\"elementor elementor-1366\" data-elementor-post-type=\"product\">\n\t\t\t\t<div class=\"wd-negative-gap elementor-element elementor-element-750ed2fe e-flex e-con-boxed e-con e-parent\" data-id=\"750ed2fe\" data-element_type=\"container\" data-e-type=\"container\">\n\t\t\t\t\t<div class=\"e-con-inner\">\n\t\t<div class=\"elementor-element elementor-element-d3e635c e-con-full e-flex e-con e-child\" data-id=\"d3e635c\" data-element_type=\"container\" data-e-type=\"container\">\n\t\t\t\t<div class=\"elementor-element elementor-element-42d5cf6 color-scheme-inherit text-left elementor-widget elementor-widget-text-editor\" data-id=\"42d5cf6\" data-element_type=\"widget\" data-e-type=\"widget\" data-widget_type=\"text-editor.default\">\n\t\t\t\t<div class=\"elementor-widget-container\">\n\t\t\t\t\t\t\t\t\t<a href=\"https:\/\/vividstorm.com.au\/wp-content\/uploads\/2023\/01\/awol-vision-4k-3d-triple-laser-projector-ltv-2500-2.jpg\"><img loading=\"lazy\" decoding=\"async\" class=\"alignnone size-full wp-image-5784\" src=\"https:\/\/vividstorm.com.au\/wp-content\/uploads\/2023\/01\/awol-vision-4k-3d-triple-laser-projector-ltv-2500-2.jpg\" alt=\"Proyector l\u00e1ser triple AWOL VISION LTV-2500 4K UHD de distancia ultracorta\" width=\"1200\" height=\"1500\" \/><\/a> <a href=\"https:\/\/vividstorm.com.au\/wp-content\/uploads\/2023\/01\/awol-vision-4k-3d-triple-laser-projector-ltv-2500-3.jpg\"><img loading=\"lazy\" decoding=\"async\" class=\"alignnone size-full wp-image-5783\" src=\"https:\/\/vividstorm.com.au\/wp-content\/uploads\/2023\/01\/awol-vision-4k-3d-triple-laser-projector-ltv-2500-3.jpg\" alt=\"Proyector l\u00e1ser triple AWOL VISION LTV-2500 4K UHD de distancia ultracorta\" width=\"1214\" height=\"1500\" \/><\/a> <a href=\"https:\/\/vividstorm.com.au\/wp-content\/uploads\/2023\/01\/awol-vision-4k-3d-triple-laser-projector-ltv-2500-4.jpg\"><img loading=\"lazy\" decoding=\"async\" class=\"alignnone size-full wp-image-5782\" src=\"https:\/\/vividstorm.com.au\/wp-content\/uploads\/2023\/01\/awol-vision-4k-3d-triple-laser-projector-ltv-2500-4.jpg\" alt=\"Proyector l\u00e1ser triple AWOL VISION LTV-2500 4K UHD de distancia ultracorta\" width=\"1200\" height=\"1500\" \/><\/a> <a href=\"https:\/\/vividstorm.com.au\/wp-content\/uploads\/2023\/01\/awol-vision-4k-3d-triple-laser-projector-ltv-2500-5.jpg\"><img loading=\"lazy\" decoding=\"async\" class=\"alignnone size-full wp-image-5781\" src=\"https:\/\/vividstorm.com.au\/wp-content\/uploads\/2023\/01\/awol-vision-4k-3d-triple-laser-projector-ltv-2500-5.jpg\" alt=\"Proyector l\u00e1ser triple AWOL VISION LTV-2500 4K UHD de distancia ultracorta\" width=\"1200\" height=\"1500\" \/><\/a> <a href=\"https:\/\/vividstorm.com.au\/wp-content\/uploads\/2023\/01\/awol-vision-4k-3d-triple-laser-projector-ltv-2500-6.jpg\"><img loading=\"lazy\" decoding=\"async\" class=\"alignnone size-full wp-image-5780\" src=\"https:\/\/vividstorm.com.au\/wp-content\/uploads\/2023\/01\/awol-vision-4k-3d-triple-laser-projector-ltv-2500-6.jpg\" alt=\"Proyector l\u00e1ser triple AWOL VISION LTV-2500 4K UHD de distancia ultracorta\" width=\"1200\" height=\"1500\" \/><\/a> <a href=\"https:\/\/vividstorm.com.au\/wp-content\/uploads\/2023\/01\/awol-vision-4k-3d-triple-laser-projector-ltv-2500-7.jpg\"><img loading=\"lazy\" decoding=\"async\" class=\"alignnone size-full wp-image-5779\" src=\"https:\/\/vividstorm.com.au\/wp-content\/uploads\/2023\/01\/awol-vision-4k-3d-triple-laser-projector-ltv-2500-7.jpg\" alt=\"Proyector l\u00e1ser triple AWOL VISION LTV-2500 4K UHD de distancia ultracorta\" width=\"1200\" height=\"1500\" \/><\/a> <a href=\"https:\/\/vividstorm.com.au\/wp-content\/uploads\/2023\/01\/awol-vision-4k-3d-triple-laser-projector-ltv-2500-8.jpg\"><img loading=\"lazy\" decoding=\"async\" class=\"alignnone size-full wp-image-5778\" src=\"https:\/\/vividstorm.com.au\/wp-content\/uploads\/2023\/01\/awol-vision-4k-3d-triple-laser-projector-ltv-2500-8.jpg\" alt=\"Proyector l\u00e1ser triple AWOL VISION LTV-2500 4K UHD de distancia ultracorta\" width=\"1200\" height=\"1500\" \/><\/a> <a href=\"https:\/\/vividstorm.com.au\/wp-content\/uploads\/2023\/01\/awol-vision-4k-3d-triple-laser-projector-ltv-2500-9.jpg\"><img loading=\"lazy\" decoding=\"async\" class=\"alignnone size-full wp-image-5777\" src=\"https:\/\/vividstorm.com.au\/wp-content\/uploads\/2023\/01\/awol-vision-4k-3d-triple-laser-projector-ltv-2500-9.jpg\" alt=\"Proyector l\u00e1ser triple AWOL VISION LTV-2500 4K UHD de distancia ultracorta\" width=\"1200\" height=\"1500\" \/><\/a>\t\t\t\t\t\t\t\t<\/div>\n\t\t\t\t<\/div>\n\t\t\t\t<\/div>\n\t\t\t\t\t<\/div>\n\t\t\t\t<\/div>\n\t\t\t\t<\/div>","protected":false},"excerpt":{"rendered":"<ul class=\"a-unordered-list a-vertical a-spacing-mini\">\n<li><span class=\"a-list-item\">Lleve la experiencia cinematogr\u00e1fica a su hogar: AWOL VISION LTV-2500 powered with a cutting edge Triple Laser without Color Wheel Technology, 4K UHD Resolution, HDR10+, 3D available, brings you a stunning 150\u2033, 4K Movie Theater experience. Junto con la tecnolog\u00eda de inmersi\u00f3n de audio excepcional con Dolby Atmos, LTV-2500 es el proyector l\u00e1ser 4K de tiro ultracorto m\u00e1s colorido con detalles' para un entorno de luz controlada<\/span><\/li>\n<li><span class=\"a-list-item\">La imagen cobra vida con m\u00e1s de mil millones de colores: El proyector AWOL VISION 4K UST cubre 107% de la gama de colores BT 2020 superior. Alcanza los 147% de DCI-P3 utilizados para la proyecci\u00f3n de cine digital, lo que le proporciona un contraste y una precisi\u00f3n del color superiores. Ve una pel\u00edcula en cualquier pared y experimenta colores m\u00e1s brillantes, blancos deslumbrantes y negros intensos<\/span><\/li>\n<li><span class=\"a-list-item\">3 L\u00e1seres Puros sin Rueda de Color: A diferencia de los proyectores UST con rueda de color, nuestro avanzado sistema \u00f3ptico utiliza l\u00e1seres triples RGB puros para ofrecer los colores directamente. Mejora en gran medida la intensidad del color, reduce el ruido y los efectos de arco iris.<\/span><\/li>\n<li><span class=\"a-list-item\">Pantalla 3D cinematogr\u00e1fica: Con un par de gafas 3D de obturador activo, el LTV-2500 te lleva a un mundo completamente nuevo, puedes poner un Blu-ray 3D para ver pel\u00edculas en 3D en casa.<\/span><\/li>\n<li><span class=\"a-list-item\">Nitidez superior en la pantalla de 150\": Equipado con lentes de cristal F2.0 personalizadas de primera l\u00ednea de la marca japonesa, hace que la nitidez incluso en el borde de la pantalla de 150\".<\/span><\/li>\n<li>Incluye Amazon FireTV Stick<\/li>\n<\/ul>","protected":false},"featured_media":1382,"comment_status":"open","ping_status":"closed","template":"","meta":[],"product_brand":[121],"product_cat":[85,86],"product_tag":[95,91,93,92],"class_list":{"0":"post-1366","1":"product","2":"type-product","3":"status-publish","4":"has-post-thumbnail","6":"product_brand-awol-vision","7":"product_cat-projectors","8":"product_cat-ultra-short-throw-projector","9":"product_tag-3d","10":"product_tag-4k","11":"product_tag-awol","12":"product_tag-ust-projector","13":"product_shipping_class-cabinet","15":"first","16":"instock","17":"sale","18":"shipping-taxable","19":"purchasable","20":"product-type-simple"},"bundled_by":[],"bundle_stock_status":"instock","bundle_stock_quantity":null,"bundle_virtual":false,"bundle_layout":"","bundle_add_to_cart_form_location":"","bundle_editable_in_cart":false,"bundle_sold_individually_context":"","bundle_item_grouping":"","bundle_min_size":"","bundle_max_size":"","bundle_price":[],"bundled_items":[],"bundle_sell_ids":[],"yoast_head":"<!-- This site is optimized with the Yoast SEO plugin v27.3 - https:\/\/yoast.com\/product\/yoast-seo-wordpress\/ -->\n<title>AWOL Vision LTV-2500 4K 3D Triple Laser Projector - LUXE VISION<\/title>\n<meta name=\"robots\" content=\"index, follow, max-snippet:-1, max-image-preview:large, max-video-preview:-1\" \/>\n<link rel=\"canonical\" href=\"https:\/\/luxevision.com\/es\/tienda\/proyector-laser-triple-awol-vision-ltv-2500-4k-3d\/\" \/>\n<meta property=\"og:locale\" content=\"es_MX\" \/>\n<meta property=\"og:type\" content=\"article\" \/>\n<meta property=\"og:title\" content=\"AWOL Vision LTV-2500 4K 3D Triple Laser Projector - LUXE VISION\" \/>\n<meta property=\"og:description\" content=\"Bring The Cinematic Experience to Your Home: AWOL VISION LTV-2500 powered with a cutting edge Triple Laser without Color Wheel Technology, 4K UHD Resolution, HDR10+, 3D available, brings you a stunning 150\u2033, 4K Movie Theater experience. Coupled with exceptional audio immersion technology with Dolby Atmos, LTV-2500 is the most colorful with details\u2019 ultra short throw 4K laser projector for controlled light environment  Picture Comes Alive with 1+ Billion Colors: The AWOL VISION 4K UST projector covers 107% of the top BT 2020 Color Gamut. It reaches 147% of DCI-P3 used for digital movie theater projection, giving you superior contrast and color accuracy. Watch a movie on any wall and experience brighter colors, dazzling whites and intense blacks  3 Pure Lasers without Color Wheel: Unlike UST projectors with color wheel, our advanced optical system uses pure RGB triple lasers to deliver the colors directly. It greatly improves the color vibrance, reduces the noise and rainbow effects  Cinematic 3D Display: With a pair of active shutter 3D glasses, LTV-2500 steps you into a whole new world, you can pop in a 3D Blu-ray for immersive 3D films at home  Superior Sharpness on 150\u201d Screen: Equipped with customized top of line F2.0 glass lens from Japan premier brand, it makes the sharpness even on the edge of the 150\u201d screen  Amazon FireTV Stick Included\" \/>\n<meta property=\"og:url\" content=\"https:\/\/luxevision.com\/es\/tienda\/proyector-laser-triple-awol-vision-ltv-2500-4k-3d\/\" \/>\n<meta property=\"og:site_name\" content=\"LUXE VISION\" \/>\n<meta property=\"article:modified_time\" content=\"2026-03-16T08:16:07+00:00\" \/>\n<meta property=\"og:image\" content=\"https:\/\/luxevision.com\/wp-content\/uploads\/2025\/05\/awol-vision-4k-3d-triple-laser-projector-ltv-2500.jpg\" \/>\n\t<meta property=\"og:image:width\" content=\"1000\" \/>\n\t<meta property=\"og:image:height\" content=\"1000\" \/>\n\t<meta property=\"og:image:type\" content=\"image\/jpeg\" \/>\n<meta name=\"twitter:card\" content=\"summary_large_image\" \/>\n<script type=\"application\/ld+json\" class=\"yoast-schema-graph\">{\"@context\":\"https:\\\/\\\/schema.org\",\"@graph\":[{\"@type\":\"WebPage\",\"@id\":\"https:\\\/\\\/luxevision.com\\\/shop\\\/awol-vision-ltv-2500-4k-3d-triple-laser-projector\\\/\",\"url\":\"https:\\\/\\\/luxevision.com\\\/shop\\\/awol-vision-ltv-2500-4k-3d-triple-laser-projector\\\/\",\"name\":\"AWOL Vision LTV-2500 4K 3D Triple Laser Projector - LUXE VISION\",\"isPartOf\":{\"@id\":\"https:\\\/\\\/luxevision.com\\\/#website\"},\"primaryImageOfPage\":{\"@id\":\"https:\\\/\\\/luxevision.com\\\/shop\\\/awol-vision-ltv-2500-4k-3d-triple-laser-projector\\\/#primaryimage\"},\"image\":{\"@id\":\"https:\\\/\\\/luxevision.com\\\/shop\\\/awol-vision-ltv-2500-4k-3d-triple-laser-projector\\\/#primaryimage\"},\"thumbnailUrl\":\"https:\\\/\\\/luxevision.com\\\/wp-content\\\/uploads\\\/2025\\\/05\\\/awol-vision-4k-3d-triple-laser-projector-ltv-2500.jpg\",\"datePublished\":\"2025-05-11T08:24:36+00:00\",\"dateModified\":\"2026-03-16T08:16:07+00:00\",\"breadcrumb\":{\"@id\":\"https:\\\/\\\/luxevision.com\\\/shop\\\/awol-vision-ltv-2500-4k-3d-triple-laser-projector\\\/#breadcrumb\"},\"inLanguage\":\"es\",\"potentialAction\":[{\"@type\":\"ReadAction\",\"target\":[\"https:\\\/\\\/luxevision.com\\\/shop\\\/awol-vision-ltv-2500-4k-3d-triple-laser-projector\\\/\"]}]},{\"@type\":\"ImageObject\",\"inLanguage\":\"es\",\"@id\":\"https:\\\/\\\/luxevision.com\\\/shop\\\/awol-vision-ltv-2500-4k-3d-triple-laser-projector\\\/#primaryimage\",\"url\":\"https:\\\/\\\/luxevision.com\\\/wp-content\\\/uploads\\\/2025\\\/05\\\/awol-vision-4k-3d-triple-laser-projector-ltv-2500.jpg\",\"contentUrl\":\"https:\\\/\\\/luxevision.com\\\/wp-content\\\/uploads\\\/2025\\\/05\\\/awol-vision-4k-3d-triple-laser-projector-ltv-2500.jpg\",\"width\":1000,\"height\":1000},{\"@type\":\"BreadcrumbList\",\"@id\":\"https:\\\/\\\/luxevision.com\\\/shop\\\/awol-vision-ltv-2500-4k-3d-triple-laser-projector\\\/#breadcrumb\",\"itemListElement\":[{\"@type\":\"ListItem\",\"position\":1,\"name\":\"Home\",\"item\":\"https:\\\/\\\/luxevision.com\\\/\"},{\"@type\":\"ListItem\",\"position\":2,\"name\":\"Shop\",\"item\":\"https:\\\/\\\/luxevision.com\\\/shop\\\/\"},{\"@type\":\"ListItem\",\"position\":3,\"name\":\"AWOL Vision LTV-2500 4K 3D Triple Laser Projector\"}]},{\"@type\":\"WebSite\",\"@id\":\"https:\\\/\\\/luxevision.com\\\/#website\",\"url\":\"https:\\\/\\\/luxevision.com\\\/\",\"name\":\"LUXE VISION\",\"description\":\"Home Theatre Projector &amp; Screen\",\"alternateName\":\"LuxeVision.com\",\"potentialAction\":[{\"@type\":\"SearchAction\",\"target\":{\"@type\":\"EntryPoint\",\"urlTemplate\":\"https:\\\/\\\/luxevision.com\\\/?s={search_term_string}\"},\"query-input\":{\"@type\":\"PropertyValueSpecification\",\"valueRequired\":true,\"valueName\":\"search_term_string\"}}],\"inLanguage\":\"es\"}]}<\/script>\n<!-- \/ Yoast SEO plugin. -->","yoast_head_json":{"title":"Proyector l\u00e1ser triple AWOL Vision LTV-2500 4K 3D - LUXE VISION","robots":{"index":"index","follow":"follow","max-snippet":"max-snippet:-1","max-image-preview":"max-image-preview:large","max-video-preview":"max-video-preview:-1"},"canonical":"https:\/\/luxevision.com\/es\/tienda\/proyector-laser-triple-awol-vision-ltv-2500-4k-3d\/","og_locale":"es_MX","og_type":"article","og_title":"AWOL Vision LTV-2500 4K 3D Triple Laser Projector - LUXE VISION","og_description":"Bring The Cinematic Experience to Your Home: AWOL VISION LTV-2500 powered with a cutting edge Triple Laser without Color Wheel Technology, 4K UHD Resolution, HDR10+, 3D available, brings you a stunning 150\u2033, 4K Movie Theater experience. Coupled with exceptional audio immersion technology with Dolby Atmos, LTV-2500 is the most colorful with details\u2019 ultra short throw 4K laser projector for controlled light environment  Picture Comes Alive with 1+ Billion Colors: The AWOL VISION 4K UST projector covers 107% of the top BT 2020 Color Gamut. It reaches 147% of DCI-P3 used for digital movie theater projection, giving you superior contrast and color accuracy. Watch a movie on any wall and experience brighter colors, dazzling whites and intense blacks  3 Pure Lasers without Color Wheel: Unlike UST projectors with color wheel, our advanced optical system uses pure RGB triple lasers to deliver the colors directly. It greatly improves the color vibrance, reduces the noise and rainbow effects  Cinematic 3D Display: With a pair of active shutter 3D glasses, LTV-2500 steps you into a whole new world, you can pop in a 3D Blu-ray for immersive 3D films at home  Superior Sharpness on 150\u201d Screen: Equipped with customized top of line F2.0 glass lens from Japan premier brand, it makes the sharpness even on the edge of the 150\u201d screen  Amazon FireTV Stick Included","og_url":"https:\/\/luxevision.com\/es\/tienda\/proyector-laser-triple-awol-vision-ltv-2500-4k-3d\/","og_site_name":"LUXE VISION","article_modified_time":"2026-03-16T08:16:07+00:00","og_image":[{"width":1000,"height":1000,"url":"https:\/\/luxevision.com\/wp-content\/uploads\/2025\/05\/awol-vision-4k-3d-triple-laser-projector-ltv-2500.jpg","type":"image\/jpeg"}],"twitter_card":"summary_large_image","schema":{"@context":"https:\/\/schema.org","@graph":[{"@type":"WebPage","@id":"https:\/\/luxevision.com\/shop\/awol-vision-ltv-2500-4k-3d-triple-laser-projector\/","url":"https:\/\/luxevision.com\/shop\/awol-vision-ltv-2500-4k-3d-triple-laser-projector\/","name":"Proyector l\u00e1ser triple AWOL Vision LTV-2500 4K 3D - LUXE VISION","isPartOf":{"@id":"https:\/\/luxevision.com\/#website"},"primaryImageOfPage":{"@id":"https:\/\/luxevision.com\/shop\/awol-vision-ltv-2500-4k-3d-triple-laser-projector\/#primaryimage"},"image":{"@id":"https:\/\/luxevision.com\/shop\/awol-vision-ltv-2500-4k-3d-triple-laser-projector\/#primaryimage"},"thumbnailUrl":"https:\/\/luxevision.com\/wp-content\/uploads\/2025\/05\/awol-vision-4k-3d-triple-laser-projector-ltv-2500.jpg","datePublished":"2025-05-11T08:24:36+00:00","dateModified":"2026-03-16T08:16:07+00:00","breadcrumb":{"@id":"https:\/\/luxevision.com\/shop\/awol-vision-ltv-2500-4k-3d-triple-laser-projector\/#breadcrumb"},"inLanguage":"es","potentialAction":[{"@type":"ReadAction","target":["https:\/\/luxevision.com\/shop\/awol-vision-ltv-2500-4k-3d-triple-laser-projector\/"]}]},{"@type":"ImageObject","inLanguage":"es","@id":"https:\/\/luxevision.com\/shop\/awol-vision-ltv-2500-4k-3d-triple-laser-projector\/#primaryimage","url":"https:\/\/luxevision.com\/wp-content\/uploads\/2025\/05\/awol-vision-4k-3d-triple-laser-projector-ltv-2500.jpg","contentUrl":"https:\/\/luxevision.com\/wp-content\/uploads\/2025\/05\/awol-vision-4k-3d-triple-laser-projector-ltv-2500.jpg","width":1000,"height":1000},{"@type":"BreadcrumbList","@id":"https:\/\/luxevision.com\/shop\/awol-vision-ltv-2500-4k-3d-triple-laser-projector\/#breadcrumb","itemListElement":[{"@type":"ListItem","position":1,"name":"Home","item":"https:\/\/luxevision.com\/"},{"@type":"ListItem","position":2,"name":"Shop","item":"https:\/\/luxevision.com\/shop\/"},{"@type":"ListItem","position":3,"name":"AWOL Vision LTV-2500 4K 3D Triple Laser Projector"}]},{"@type":"WebSite","@id":"https:\/\/luxevision.com\/#website","url":"https:\/\/luxevision.com\/","name":"VISI\u00d3N DE LUJO","description":"Proyector y pantalla de cine en casa","alternateName":"LuxeVision.com","potentialAction":[{"@type":"SearchAction","target":{"@type":"EntryPoint","urlTemplate":"https:\/\/luxevision.com\/?s={search_term_string}"},"query-input":{"@type":"PropertyValueSpecification","valueRequired":true,"valueName":"search_term_string"}}],"inLanguage":"es"}]}},"_links":{"self":[{"href":"https:\/\/luxevision.com\/es\/wp-json\/wp\/v2\/product\/1366","targetHints":{"allow":["GET"]}}],"collection":[{"href":"https:\/\/luxevision.com\/es\/wp-json\/wp\/v2\/product"}],"about":[{"href":"https:\/\/luxevision.com\/es\/wp-json\/wp\/v2\/types\/product"}],"replies":[{"embeddable":true,"href":"https:\/\/luxevision.com\/es\/wp-json\/wp\/v2\/comments?post=1366"}],"version-history":[{"count":0,"href":"https:\/\/luxevision.com\/es\/wp-json\/wp\/v2\/product\/1366\/revisions"}],"wp:featuredmedia":[{"embeddable":true,"href":"https:\/\/luxevision.com\/es\/wp-json\/wp\/v2\/media\/1382"}],"wp:attachment":[{"href":"https:\/\/luxevision.com\/es\/wp-json\/wp\/v2\/media?parent=1366"}],"wp:term":[{"taxonomy":"product_brand","embeddable":true,"href":"https:\/\/luxevision.com\/es\/wp-json\/wp\/v2\/product_brand?post=1366"},{"taxonomy":"product_cat","embeddable":true,"href":"https:\/\/luxevision.com\/es\/wp-json\/wp\/v2\/product_cat?post=1366"},{"taxonomy":"product_tag","embeddable":true,"href":"https:\/\/luxevision.com\/es\/wp-json\/wp\/v2\/product_tag?post=1366"}],"curies":[{"name":"wp","href":"https:\/\/api.w.org\/{rel}","templated":true}]}}