{"id":2493,"date":"2025-06-22T18:11:26","date_gmt":"2025-06-22T14:11:26","guid":{"rendered":"https:\/\/luxevision.ae\/?post_type=product&#038;p=2493"},"modified":"2025-06-22T20:00:30","modified_gmt":"2025-06-22T16:00:30","slug":"echantillon-de-materiel-de-criblage-a4-taille","status":"publish","type":"product","link":"https:\/\/luxevision.com\/fr\/boutique\/echantillon-de-materiel-de-criblage-a4-taille\/","title":{"rendered":"\u00e9chantillon de mat\u00e9riau d'\u00e9cran (format A4)"},"content":{"rendered":"<div id=\"ali-anchor-AliMagic-7ku14r\" class=\"magic-0\" data-spm-anchor-id=\"a2700.wholesale.0.i22.353571cb6f4ucX\" data-section-title=\"Product Description\" data-section=\"AliMagic-7ku14r\">Description du produit :<\/div>\n<div class=\"text-title\" data-id=\"below-title\">Mat\u00e9riau de l'\u00e9cran \u00e0 ultra courte port\u00e9e :<\/div>\n<p><img loading=\"lazy\" decoding=\"async\" class=\"alignnone size-full wp-image-3079\" src=\"https:\/\/vividstorm.com.au\/wp-content\/uploads\/2022\/02\/screen-material-sample-a4-size-a.jpg\" alt=\"\" width=\"800\" height=\"800\" \/><\/p>\n<div class=\"text-title\" data-id=\"below-title\">Ecran de projection obsidienne \u00e0 longue port\u00e9e rejetant la lumi\u00e8re d'ambiance<\/div>\n<p><img loading=\"lazy\" decoding=\"async\" class=\"alignnone size-full wp-image-3080\" src=\"https:\/\/vividstorm.com.au\/wp-content\/uploads\/2022\/02\/screen-material-sample-a4-size-b.jpg\" alt=\"\" width=\"800\" height=\"800\" \/><\/p>\n<p>Obsidienne \u00e0 longue port\u00e9e Lumi\u00e8re d'ambiance rejetant le son Mat\u00e9riau de l'\u00e9cran perfor\u00e9<\/p>\n<p><img loading=\"lazy\" decoding=\"async\" class=\"alignnone size-full wp-image-3081\" src=\"https:\/\/vividstorm.com.au\/wp-content\/uploads\/2022\/02\/screen-material-sample-a4-size-c.jpg\" alt=\"\" width=\"800\" height=\"800\" \/><\/p>\n<p>mat\u00e9riau blanc pour \u00e9cran de cin\u00e9ma<\/p>\n<p><img loading=\"lazy\" decoding=\"async\" class=\"alignnone size-full wp-image-3082\" src=\"https:\/\/vividstorm.com.au\/wp-content\/uploads\/2022\/02\/screen-material-sample-a4-size-d.jpg\" alt=\"\" width=\"800\" height=\"800\" \/><\/p>\n<p>\u00e9cran perfor\u00e9 acoustique blanc pour le cin\u00e9ma<\/p>\n<p><img loading=\"lazy\" decoding=\"async\" class=\"alignnone size-full wp-image-3084\" src=\"https:\/\/vividstorm.com.au\/wp-content\/uploads\/2022\/02\/screen-material-sample-a4-size-e.jpg\" alt=\"\" width=\"800\" height=\"800\" \/><\/p>","protected":false},"excerpt":{"rendered":"<p>Description du produit : un ensemble comprend:1pcs \u00e9cran de projection \u00e0 ultra courte port\u00e9e rejetant la lumi\u00e8re ambiante 1pcs \u00e9cran de projection \u00e0 longue port\u00e9e rejetant la lumi\u00e8re ambiante 1pcs \u00e9cran perfor\u00e9 \u00e0 longue port\u00e9e rejetant la lumi\u00e8re ambiante 1pcs \u00e9cran de cin\u00e9ma blanc 1pcs \u00e9cran perfor\u00e9 acoustique de cin\u00e9ma blanc Caract\u00e9ristiques du mat\u00e9riau de l'\u00e9cran Cet \u00e9chantillon...<\/p>\n<p>Offre de cr\u00e9dit en magasin : Le montant d\u00e9pens\u00e9 pour les \u00e9chantillons, y compris les frais d'exp\u00e9dition, vous sera cr\u00e9dit\u00e9 lorsque vous passerez commande d'\u00e9crans ou d'ensembles \u00e9cran+projecteur.<\/p>","protected":false},"featured_media":2529,"comment_status":"open","ping_status":"closed","template":"","meta":[],"product_brand":[120],"product_cat":[189],"product_tag":[],"class_list":{"0":"post-2493","1":"product","2":"type-product","3":"status-publish","4":"has-post-thumbnail","6":"product_brand-vividstorm","7":"product_cat-accessories","8":"product_shipping_class-sample","10":"first","11":"instock","12":"shipping-taxable","13":"purchasable","14":"product-type-simple"},"bundled_by":[],"bundle_stock_status":"instock","bundle_stock_quantity":null,"bundle_virtual":false,"bundle_layout":"","bundle_add_to_cart_form_location":"","bundle_editable_in_cart":false,"bundle_sold_individually_context":"","bundle_item_grouping":"","bundle_min_size":"","bundle_max_size":"","bundle_price":[],"bundled_items":[],"bundle_sell_ids":[],"yoast_head":"<!-- This site is optimized with the Yoast SEO plugin v27.3 - https:\/\/yoast.com\/product\/yoast-seo-wordpress\/ -->\n<title>screen material sample (A4 size) - LUXE VISION<\/title>\n<meta name=\"robots\" content=\"index, follow, max-snippet:-1, max-image-preview:large, max-video-preview:-1\" \/>\n<link rel=\"canonical\" href=\"https:\/\/luxevision.com\/fr\/boutique\/echantillon-de-materiel-de-criblage-a4-taille\/\" \/>\n<meta property=\"og:locale\" content=\"fr_FR\" \/>\n<meta property=\"og:type\" content=\"article\" \/>\n<meta property=\"og:title\" content=\"screen material sample (A4 size) - LUXE VISION\" \/>\n<meta property=\"og:description\" content=\"Product Description: one set includes:1pcs ultra Short Throw Ambient Light Rejecting projection screen material 1pcs obsidian long-throw Ambience light rejecting projector screen material1pcs obsidian long-throw Ambience light rejecting sound perforated screen material1pcs white cinema screen material1pcs white Cinema acoustic sound perforated screen material Screen Material Features This sample.  Store Credit Offer: Amount spend on the sample materials including shipping cost will be credited to you when you place the order for the screens or screen+projector bundles\" \/>\n<meta property=\"og:url\" content=\"https:\/\/luxevision.com\/fr\/boutique\/echantillon-de-materiel-de-criblage-a4-taille\/\" \/>\n<meta property=\"og:site_name\" content=\"LUXE VISION\" \/>\n<meta property=\"article:modified_time\" content=\"2025-06-22T16:00:30+00:00\" \/>\n<meta property=\"og:image\" content=\"https:\/\/luxevision.com\/wp-content\/uploads\/2025\/06\/screen-material-sample-a4-size-1.jpg\" \/>\n\t<meta property=\"og:image:width\" content=\"800\" \/>\n\t<meta property=\"og:image:height\" content=\"800\" \/>\n\t<meta property=\"og:image:type\" content=\"image\/jpeg\" \/>\n<meta name=\"twitter:card\" content=\"summary_large_image\" \/>\n<script type=\"application\/ld+json\" class=\"yoast-schema-graph\">{\"@context\":\"https:\\\/\\\/schema.org\",\"@graph\":[{\"@type\":\"WebPage\",\"@id\":\"https:\\\/\\\/luxevision.com\\\/shop\\\/screen-material-sample-a4-size\\\/\",\"url\":\"https:\\\/\\\/luxevision.com\\\/shop\\\/screen-material-sample-a4-size\\\/\",\"name\":\"screen material sample (A4 size) - LUXE VISION\",\"isPartOf\":{\"@id\":\"https:\\\/\\\/luxevision.com\\\/#website\"},\"primaryImageOfPage\":{\"@id\":\"https:\\\/\\\/luxevision.com\\\/shop\\\/screen-material-sample-a4-size\\\/#primaryimage\"},\"image\":{\"@id\":\"https:\\\/\\\/luxevision.com\\\/shop\\\/screen-material-sample-a4-size\\\/#primaryimage\"},\"thumbnailUrl\":\"https:\\\/\\\/luxevision.com\\\/wp-content\\\/uploads\\\/2025\\\/06\\\/screen-material-sample-a4-size-1.jpg\",\"datePublished\":\"2025-06-22T14:11:26+00:00\",\"dateModified\":\"2025-06-22T16:00:30+00:00\",\"breadcrumb\":{\"@id\":\"https:\\\/\\\/luxevision.com\\\/shop\\\/screen-material-sample-a4-size\\\/#breadcrumb\"},\"inLanguage\":\"fr-FR\",\"potentialAction\":[{\"@type\":\"ReadAction\",\"target\":[\"https:\\\/\\\/luxevision.com\\\/shop\\\/screen-material-sample-a4-size\\\/\"]}]},{\"@type\":\"ImageObject\",\"inLanguage\":\"fr-FR\",\"@id\":\"https:\\\/\\\/luxevision.com\\\/shop\\\/screen-material-sample-a4-size\\\/#primaryimage\",\"url\":\"https:\\\/\\\/luxevision.com\\\/wp-content\\\/uploads\\\/2025\\\/06\\\/screen-material-sample-a4-size-1.jpg\",\"contentUrl\":\"https:\\\/\\\/luxevision.com\\\/wp-content\\\/uploads\\\/2025\\\/06\\\/screen-material-sample-a4-size-1.jpg\",\"width\":800,\"height\":800},{\"@type\":\"BreadcrumbList\",\"@id\":\"https:\\\/\\\/luxevision.com\\\/shop\\\/screen-material-sample-a4-size\\\/#breadcrumb\",\"itemListElement\":[{\"@type\":\"ListItem\",\"position\":1,\"name\":\"Home\",\"item\":\"https:\\\/\\\/luxevision.com\\\/\"},{\"@type\":\"ListItem\",\"position\":2,\"name\":\"Shop\",\"item\":\"https:\\\/\\\/luxevision.com\\\/shop\\\/\"},{\"@type\":\"ListItem\",\"position\":3,\"name\":\"screen material sample (A4 size)\"}]},{\"@type\":\"WebSite\",\"@id\":\"https:\\\/\\\/luxevision.com\\\/#website\",\"url\":\"https:\\\/\\\/luxevision.com\\\/\",\"name\":\"LUXE VISION\",\"description\":\"Home Theatre Projector &amp; Screen\",\"alternateName\":\"LuxeVision.com\",\"potentialAction\":[{\"@type\":\"SearchAction\",\"target\":{\"@type\":\"EntryPoint\",\"urlTemplate\":\"https:\\\/\\\/luxevision.com\\\/?s={search_term_string}\"},\"query-input\":{\"@type\":\"PropertyValueSpecification\",\"valueRequired\":true,\"valueName\":\"search_term_string\"}}],\"inLanguage\":\"fr-FR\"}]}<\/script>\n<!-- \/ Yoast SEO plugin. -->","yoast_head_json":{"title":"\u00e9chantillon de mat\u00e9riau d'\u00e9cran (format A4) - LUXE VISION","robots":{"index":"index","follow":"follow","max-snippet":"max-snippet:-1","max-image-preview":"max-image-preview:large","max-video-preview":"max-video-preview:-1"},"canonical":"https:\/\/luxevision.com\/fr\/boutique\/echantillon-de-materiel-de-criblage-a4-taille\/","og_locale":"fr_FR","og_type":"article","og_title":"screen material sample (A4 size) - LUXE VISION","og_description":"Product Description: one set includes:1pcs ultra Short Throw Ambient Light Rejecting projection screen material 1pcs obsidian long-throw Ambience light rejecting projector screen material1pcs obsidian long-throw Ambience light rejecting sound perforated screen material1pcs white cinema screen material1pcs white Cinema acoustic sound perforated screen material Screen Material Features This sample.  Store Credit Offer: Amount spend on the sample materials including shipping cost will be credited to you when you place the order for the screens or screen+projector bundles","og_url":"https:\/\/luxevision.com\/fr\/boutique\/echantillon-de-materiel-de-criblage-a4-taille\/","og_site_name":"LUXE VISION","article_modified_time":"2025-06-22T16:00:30+00:00","og_image":[{"width":800,"height":800,"url":"https:\/\/luxevision.com\/wp-content\/uploads\/2025\/06\/screen-material-sample-a4-size-1.jpg","type":"image\/jpeg"}],"twitter_card":"summary_large_image","schema":{"@context":"https:\/\/schema.org","@graph":[{"@type":"WebPage","@id":"https:\/\/luxevision.com\/shop\/screen-material-sample-a4-size\/","url":"https:\/\/luxevision.com\/shop\/screen-material-sample-a4-size\/","name":"\u00e9chantillon de mat\u00e9riau d'\u00e9cran (format A4) - LUXE VISION","isPartOf":{"@id":"https:\/\/luxevision.com\/#website"},"primaryImageOfPage":{"@id":"https:\/\/luxevision.com\/shop\/screen-material-sample-a4-size\/#primaryimage"},"image":{"@id":"https:\/\/luxevision.com\/shop\/screen-material-sample-a4-size\/#primaryimage"},"thumbnailUrl":"https:\/\/luxevision.com\/wp-content\/uploads\/2025\/06\/screen-material-sample-a4-size-1.jpg","datePublished":"2025-06-22T14:11:26+00:00","dateModified":"2025-06-22T16:00:30+00:00","breadcrumb":{"@id":"https:\/\/luxevision.com\/shop\/screen-material-sample-a4-size\/#breadcrumb"},"inLanguage":"fr-FR","potentialAction":[{"@type":"ReadAction","target":["https:\/\/luxevision.com\/shop\/screen-material-sample-a4-size\/"]}]},{"@type":"ImageObject","inLanguage":"fr-FR","@id":"https:\/\/luxevision.com\/shop\/screen-material-sample-a4-size\/#primaryimage","url":"https:\/\/luxevision.com\/wp-content\/uploads\/2025\/06\/screen-material-sample-a4-size-1.jpg","contentUrl":"https:\/\/luxevision.com\/wp-content\/uploads\/2025\/06\/screen-material-sample-a4-size-1.jpg","width":800,"height":800},{"@type":"BreadcrumbList","@id":"https:\/\/luxevision.com\/shop\/screen-material-sample-a4-size\/#breadcrumb","itemListElement":[{"@type":"ListItem","position":1,"name":"Home","item":"https:\/\/luxevision.com\/"},{"@type":"ListItem","position":2,"name":"Shop","item":"https:\/\/luxevision.com\/shop\/"},{"@type":"ListItem","position":3,"name":"screen material sample (A4 size)"}]},{"@type":"WebSite","@id":"https:\/\/luxevision.com\/#website","url":"https:\/\/luxevision.com\/","name":"VISION LUXE","description":"Projecteur et \u00e9cran de cin\u00e9ma maison","alternateName":"LuxeVision.com","potentialAction":[{"@type":"SearchAction","target":{"@type":"EntryPoint","urlTemplate":"https:\/\/luxevision.com\/?s={search_term_string}"},"query-input":{"@type":"PropertyValueSpecification","valueRequired":true,"valueName":"search_term_string"}}],"inLanguage":"fr-FR"}]}},"_links":{"self":[{"href":"https:\/\/luxevision.com\/fr\/wp-json\/wp\/v2\/product\/2493","targetHints":{"allow":["GET"]}}],"collection":[{"href":"https:\/\/luxevision.com\/fr\/wp-json\/wp\/v2\/product"}],"about":[{"href":"https:\/\/luxevision.com\/fr\/wp-json\/wp\/v2\/types\/product"}],"replies":[{"embeddable":true,"href":"https:\/\/luxevision.com\/fr\/wp-json\/wp\/v2\/comments?post=2493"}],"version-history":[{"count":0,"href":"https:\/\/luxevision.com\/fr\/wp-json\/wp\/v2\/product\/2493\/revisions"}],"wp:featuredmedia":[{"embeddable":true,"href":"https:\/\/luxevision.com\/fr\/wp-json\/wp\/v2\/media\/2529"}],"wp:attachment":[{"href":"https:\/\/luxevision.com\/fr\/wp-json\/wp\/v2\/media?parent=2493"}],"wp:term":[{"taxonomy":"product_brand","embeddable":true,"href":"https:\/\/luxevision.com\/fr\/wp-json\/wp\/v2\/product_brand?post=2493"},{"taxonomy":"product_cat","embeddable":true,"href":"https:\/\/luxevision.com\/fr\/wp-json\/wp\/v2\/product_cat?post=2493"},{"taxonomy":"product_tag","embeddable":true,"href":"https:\/\/luxevision.com\/fr\/wp-json\/wp\/v2\/product_tag?post=2493"}],"curies":[{"name":"wp","href":"https:\/\/api.w.org\/{rel}","templated":true}]}}