{"id":2505,"date":"2025-06-22T18:11:27","date_gmt":"2025-06-22T14:11:27","guid":{"rendered":"https:\/\/luxevision.ae\/?post_type=product&#038;p=2505"},"modified":"2026-03-16T01:17:54","modified_gmt":"2026-03-16T08:17:54","slug":"vividstorm-ecran-de-projecteur-motorise-housse-de-protection-etanche","status":"publish","type":"product","link":"https:\/\/luxevision.com\/fr\/boutique\/vividstorm-ecran-de-projecteur-motorise-housse-de-protection-etanche\/","title":{"rendered":"VIVIDSTORM Motorized Projector Screen Waterproof Dust Cover (\u00e9cran de projection motoris\u00e9 \u00e9tanche \u00e0 la poussi\u00e8re)"},"content":{"rendered":"","protected":false},"excerpt":{"rendered":"<p>Caract\u00e9ristiques :<\/p>\n<ul>\n<li>Prot\u00e8ge les \u00e9crans de l'eau, de la poussi\u00e8re et des rayures<\/li>\n<li>Tissu imperm\u00e9able l\u00e9ger et r\u00e9sistant<\/li>\n<li>Con\u00e7u pour les \u00e9crans de sol motoris\u00e9s VIVIDSTORM<\/li>\n<\/ul>","protected":false},"featured_media":2584,"comment_status":"open","ping_status":"closed","template":"","meta":[],"product_brand":[120],"product_cat":[189],"product_tag":[199],"class_list":{"0":"post-2505","1":"product","2":"type-product","3":"status-publish","4":"has-post-thumbnail","6":"product_brand-vividstorm","7":"product_cat-accessories","8":"product_tag-dust-cover","10":"first","11":"instock","12":"sale","13":"shipping-taxable","14":"purchasable","15":"product-type-variable"},"bundled_by":[],"bundle_stock_status":"instock","bundle_stock_quantity":null,"bundle_virtual":false,"bundle_layout":"","bundle_add_to_cart_form_location":"","bundle_editable_in_cart":false,"bundle_sold_individually_context":"","bundle_item_grouping":"","bundle_min_size":"","bundle_max_size":"","bundle_price":[],"bundled_items":[],"bundle_sell_ids":[],"yoast_head":"<!-- This site is optimized with the Yoast SEO plugin v27.3 - https:\/\/yoast.com\/product\/yoast-seo-wordpress\/ -->\n<title>VIVIDSTORM Motorized Projector Screen Waterproof Dust Cover - LUXE VISION<\/title>\n<meta name=\"robots\" content=\"index, follow, max-snippet:-1, max-image-preview:large, max-video-preview:-1\" \/>\n<link rel=\"canonical\" href=\"https:\/\/luxevision.com\/fr\/boutique\/vividstorm-ecran-de-projecteur-motorise-housse-de-protection-etanche\/\" \/>\n<meta property=\"og:locale\" content=\"fr_FR\" \/>\n<meta property=\"og:type\" content=\"article\" \/>\n<meta property=\"og:title\" content=\"VIVIDSTORM Motorized Projector Screen Waterproof Dust Cover - LUXE VISION\" \/>\n<meta property=\"og:description\" content=\"Features:   Protect Screens from Water, Dust &amp; Scratch  Heavy Duty Lightweight Waterproof Fabric  Designed for VIVIDSTORM Motorised Floor Rising Screens\" \/>\n<meta property=\"og:url\" content=\"https:\/\/luxevision.com\/fr\/boutique\/vividstorm-ecran-de-projecteur-motorise-housse-de-protection-etanche\/\" \/>\n<meta property=\"og:site_name\" content=\"LUXE VISION\" \/>\n<meta property=\"article:modified_time\" content=\"2026-03-16T08:17:54+00:00\" \/>\n<meta property=\"og:image\" content=\"https:\/\/luxevision.com\/wp-content\/uploads\/2025\/06\/vividstorm-floor-rising-screen-waterproof-dust-cover-main.jpg\" \/>\n\t<meta property=\"og:image:width\" content=\"1200\" \/>\n\t<meta property=\"og:image:height\" content=\"1200\" \/>\n\t<meta property=\"og:image:type\" content=\"image\/jpeg\" \/>\n<meta name=\"twitter:card\" content=\"summary_large_image\" \/>\n<script type=\"application\/ld+json\" class=\"yoast-schema-graph\">{\"@context\":\"https:\\\/\\\/schema.org\",\"@graph\":[{\"@type\":\"WebPage\",\"@id\":\"https:\\\/\\\/luxevision.com\\\/shop\\\/vividstorm-motorized-projector-screen-waterproof-dust-cover\\\/\",\"url\":\"https:\\\/\\\/luxevision.com\\\/shop\\\/vividstorm-motorized-projector-screen-waterproof-dust-cover\\\/\",\"name\":\"VIVIDSTORM Motorized Projector Screen Waterproof Dust Cover - LUXE VISION\",\"isPartOf\":{\"@id\":\"https:\\\/\\\/luxevision.com\\\/#website\"},\"primaryImageOfPage\":{\"@id\":\"https:\\\/\\\/luxevision.com\\\/shop\\\/vividstorm-motorized-projector-screen-waterproof-dust-cover\\\/#primaryimage\"},\"image\":{\"@id\":\"https:\\\/\\\/luxevision.com\\\/shop\\\/vividstorm-motorized-projector-screen-waterproof-dust-cover\\\/#primaryimage\"},\"thumbnailUrl\":\"https:\\\/\\\/luxevision.com\\\/wp-content\\\/uploads\\\/2025\\\/06\\\/vividstorm-floor-rising-screen-waterproof-dust-cover-main.jpg\",\"datePublished\":\"2025-06-22T14:11:27+00:00\",\"dateModified\":\"2026-03-16T08:17:54+00:00\",\"breadcrumb\":{\"@id\":\"https:\\\/\\\/luxevision.com\\\/shop\\\/vividstorm-motorized-projector-screen-waterproof-dust-cover\\\/#breadcrumb\"},\"inLanguage\":\"fr-FR\",\"potentialAction\":[{\"@type\":\"ReadAction\",\"target\":[\"https:\\\/\\\/luxevision.com\\\/shop\\\/vividstorm-motorized-projector-screen-waterproof-dust-cover\\\/\"]}]},{\"@type\":\"ImageObject\",\"inLanguage\":\"fr-FR\",\"@id\":\"https:\\\/\\\/luxevision.com\\\/shop\\\/vividstorm-motorized-projector-screen-waterproof-dust-cover\\\/#primaryimage\",\"url\":\"https:\\\/\\\/luxevision.com\\\/wp-content\\\/uploads\\\/2025\\\/06\\\/vividstorm-floor-rising-screen-waterproof-dust-cover-main.jpg\",\"contentUrl\":\"https:\\\/\\\/luxevision.com\\\/wp-content\\\/uploads\\\/2025\\\/06\\\/vividstorm-floor-rising-screen-waterproof-dust-cover-main.jpg\",\"width\":1200,\"height\":1200},{\"@type\":\"BreadcrumbList\",\"@id\":\"https:\\\/\\\/luxevision.com\\\/shop\\\/vividstorm-motorized-projector-screen-waterproof-dust-cover\\\/#breadcrumb\",\"itemListElement\":[{\"@type\":\"ListItem\",\"position\":1,\"name\":\"Home\",\"item\":\"https:\\\/\\\/luxevision.com\\\/\"},{\"@type\":\"ListItem\",\"position\":2,\"name\":\"Shop\",\"item\":\"https:\\\/\\\/luxevision.com\\\/shop\\\/\"},{\"@type\":\"ListItem\",\"position\":3,\"name\":\"VIVIDSTORM Motorized Projector Screen Waterproof Dust Cover\"}]},{\"@type\":\"WebSite\",\"@id\":\"https:\\\/\\\/luxevision.com\\\/#website\",\"url\":\"https:\\\/\\\/luxevision.com\\\/\",\"name\":\"LUXE VISION\",\"description\":\"Home Theatre Projector &amp; Screen\",\"alternateName\":\"LuxeVision.com\",\"potentialAction\":[{\"@type\":\"SearchAction\",\"target\":{\"@type\":\"EntryPoint\",\"urlTemplate\":\"https:\\\/\\\/luxevision.com\\\/?s={search_term_string}\"},\"query-input\":{\"@type\":\"PropertyValueSpecification\",\"valueRequired\":true,\"valueName\":\"search_term_string\"}}],\"inLanguage\":\"fr-FR\"}]}<\/script>\n<!-- \/ Yoast SEO plugin. -->","yoast_head_json":{"title":"Ecran de projection motoris\u00e9 VIVIDSTORM, housse de protection \u00e9tanche - LUXE VISION","robots":{"index":"index","follow":"follow","max-snippet":"max-snippet:-1","max-image-preview":"max-image-preview:large","max-video-preview":"max-video-preview:-1"},"canonical":"https:\/\/luxevision.com\/fr\/boutique\/vividstorm-ecran-de-projecteur-motorise-housse-de-protection-etanche\/","og_locale":"fr_FR","og_type":"article","og_title":"VIVIDSTORM Motorized Projector Screen Waterproof Dust Cover - LUXE VISION","og_description":"Features:   Protect Screens from Water, Dust &amp; Scratch  Heavy Duty Lightweight Waterproof Fabric  Designed for VIVIDSTORM Motorised Floor Rising Screens","og_url":"https:\/\/luxevision.com\/fr\/boutique\/vividstorm-ecran-de-projecteur-motorise-housse-de-protection-etanche\/","og_site_name":"LUXE VISION","article_modified_time":"2026-03-16T08:17:54+00:00","og_image":[{"width":1200,"height":1200,"url":"https:\/\/luxevision.com\/wp-content\/uploads\/2025\/06\/vividstorm-floor-rising-screen-waterproof-dust-cover-main.jpg","type":"image\/jpeg"}],"twitter_card":"summary_large_image","schema":{"@context":"https:\/\/schema.org","@graph":[{"@type":"WebPage","@id":"https:\/\/luxevision.com\/shop\/vividstorm-motorized-projector-screen-waterproof-dust-cover\/","url":"https:\/\/luxevision.com\/shop\/vividstorm-motorized-projector-screen-waterproof-dust-cover\/","name":"Ecran de projection motoris\u00e9 VIVIDSTORM, housse de protection \u00e9tanche - LUXE VISION","isPartOf":{"@id":"https:\/\/luxevision.com\/#website"},"primaryImageOfPage":{"@id":"https:\/\/luxevision.com\/shop\/vividstorm-motorized-projector-screen-waterproof-dust-cover\/#primaryimage"},"image":{"@id":"https:\/\/luxevision.com\/shop\/vividstorm-motorized-projector-screen-waterproof-dust-cover\/#primaryimage"},"thumbnailUrl":"https:\/\/luxevision.com\/wp-content\/uploads\/2025\/06\/vividstorm-floor-rising-screen-waterproof-dust-cover-main.jpg","datePublished":"2025-06-22T14:11:27+00:00","dateModified":"2026-03-16T08:17:54+00:00","breadcrumb":{"@id":"https:\/\/luxevision.com\/shop\/vividstorm-motorized-projector-screen-waterproof-dust-cover\/#breadcrumb"},"inLanguage":"fr-FR","potentialAction":[{"@type":"ReadAction","target":["https:\/\/luxevision.com\/shop\/vividstorm-motorized-projector-screen-waterproof-dust-cover\/"]}]},{"@type":"ImageObject","inLanguage":"fr-FR","@id":"https:\/\/luxevision.com\/shop\/vividstorm-motorized-projector-screen-waterproof-dust-cover\/#primaryimage","url":"https:\/\/luxevision.com\/wp-content\/uploads\/2025\/06\/vividstorm-floor-rising-screen-waterproof-dust-cover-main.jpg","contentUrl":"https:\/\/luxevision.com\/wp-content\/uploads\/2025\/06\/vividstorm-floor-rising-screen-waterproof-dust-cover-main.jpg","width":1200,"height":1200},{"@type":"BreadcrumbList","@id":"https:\/\/luxevision.com\/shop\/vividstorm-motorized-projector-screen-waterproof-dust-cover\/#breadcrumb","itemListElement":[{"@type":"ListItem","position":1,"name":"Home","item":"https:\/\/luxevision.com\/"},{"@type":"ListItem","position":2,"name":"Shop","item":"https:\/\/luxevision.com\/shop\/"},{"@type":"ListItem","position":3,"name":"VIVIDSTORM Motorized Projector Screen Waterproof Dust Cover"}]},{"@type":"WebSite","@id":"https:\/\/luxevision.com\/#website","url":"https:\/\/luxevision.com\/","name":"VISION LUXE","description":"Projecteur et \u00e9cran de cin\u00e9ma maison","alternateName":"LuxeVision.com","potentialAction":[{"@type":"SearchAction","target":{"@type":"EntryPoint","urlTemplate":"https:\/\/luxevision.com\/?s={search_term_string}"},"query-input":{"@type":"PropertyValueSpecification","valueRequired":true,"valueName":"search_term_string"}}],"inLanguage":"fr-FR"}]}},"_links":{"self":[{"href":"https:\/\/luxevision.com\/fr\/wp-json\/wp\/v2\/product\/2505","targetHints":{"allow":["GET"]}}],"collection":[{"href":"https:\/\/luxevision.com\/fr\/wp-json\/wp\/v2\/product"}],"about":[{"href":"https:\/\/luxevision.com\/fr\/wp-json\/wp\/v2\/types\/product"}],"replies":[{"embeddable":true,"href":"https:\/\/luxevision.com\/fr\/wp-json\/wp\/v2\/comments?post=2505"}],"version-history":[{"count":0,"href":"https:\/\/luxevision.com\/fr\/wp-json\/wp\/v2\/product\/2505\/revisions"}],"wp:featuredmedia":[{"embeddable":true,"href":"https:\/\/luxevision.com\/fr\/wp-json\/wp\/v2\/media\/2584"}],"wp:attachment":[{"href":"https:\/\/luxevision.com\/fr\/wp-json\/wp\/v2\/media?parent=2505"}],"wp:term":[{"taxonomy":"product_brand","embeddable":true,"href":"https:\/\/luxevision.com\/fr\/wp-json\/wp\/v2\/product_brand?post=2505"},{"taxonomy":"product_cat","embeddable":true,"href":"https:\/\/luxevision.com\/fr\/wp-json\/wp\/v2\/product_cat?post=2505"},{"taxonomy":"product_tag","embeddable":true,"href":"https:\/\/luxevision.com\/fr\/wp-json\/wp\/v2\/product_tag?post=2505"}],"curies":[{"name":"wp","href":"https:\/\/api.w.org\/{rel}","templated":true}]}}